{"id":2308,"date":"2016-05-31T21:25:23","date_gmt":"2016-05-31T21:25:23","guid":{"rendered":"http:\/\/prefabricasa.com.co\/blog\/?page_id=2308"},"modified":"2016-07-08T15:36:47","modified_gmt":"2016-07-08T15:36:47","slug":"politicas-condiciones-y-restricciones","status":"publish","type":"page","link":"https:\/\/prefabricasa.com.co\/blog\/politicas-condiciones-y-restricciones\/","title":{"rendered":"Pol\u00edticas, Condiciones y Restricciones"},"content":{"rendered":"<p>A continuaci\u00f3n detallamos nuestras pol\u00edticas de Condiciones y Restricciones<\/p>\n<p>El arquitecto, gerente o funcionario con mucha experiencia que visita el terreno personalmente sin ning\u00fan costo para el comprador se har\u00e1 una vez separe el proyecto.<\/p>\n<p>El dise\u00f1o o los dise\u00f1os sin ning\u00fan costo se har\u00e1n sin ning\u00fan tipo de l\u00edmite en modificaciones; todos los dise\u00f1os son absolutamente personalizados y se ir\u00e1n ajustando tanto al gusto como al presupuesto del comprador<\/p>\n<p>Los tiquetes a\u00e9reos para dos personas hasta alguna de nuestras sedes, ida y regreso, ser\u00e1n totalmente asumidos por <strong>Prefabricasa<\/strong> y se har\u00e1n validos por valor subsidiado de m\u00e1ximo 2\u00b4000.000 en total.<\/p>\n<p>El valor asumido por Prefabricasa correspondiente a los tiquetes a\u00e9reos solamente se har\u00e1 efectivo en la \u00faltima cuota o \u00faltimo pago presentando, o enviando copia de dichos tiquetes los cuales deben corresponder\u00a0a la fecha de su visita. Favor env\u00edarlos a <strong>servicioalcliente@prefabricasa.com.co<\/strong><\/p>\n<p>Prefabricasa asume el total de los vi\u00e1ticos ll\u00e1mese transporte v\u00eda a\u00e9rea estad\u00eda y alimentaci\u00f3n de ser necesario al arquitecto o algunos de sus funcionarios sin ning\u00fan costo para el comprador<\/p>\n<p>El primer dise\u00f1o ser\u00e1 totalmente personalizado y gratis solamente si el comprador visita personalmente algunas de nuestras oficinas en el pa\u00eds<\/p>\n<p>Cordialmente.<\/p>\n<p><strong>PREFABRICASA<\/strong><br \/>\n<strong> TEL (4) 419 5256 &#8211; CEL 300 574 5252<\/strong><\/p>\n","protected":false},"excerpt":{"rendered":"<p>A continuaci\u00f3n detallamos nuestras pol\u00edticas de Condiciones y Restricciones El arquitecto, gerente o funcionario con mucha experiencia que visita el terreno personalmente sin ning\u00fan costo para el comprador se har\u00e1 una vez separe el proyecto. El dise\u00f1o o los dise\u00f1os sin ning\u00fan costo se har\u00e1n sin ning\u00fan tipo de l\u00edmite en modificaciones; todos los dise\u00f1os [&hellip;]<\/p>\n","protected":false},"author":1,"featured_media":0,"parent":0,"menu_order":0,"comment_status":"closed","ping_status":"closed","template":"","meta":{"footnotes":""},"class_list":["post-2308","page","type-page","status-publish","hentry"],"yoast_head":"<!-- This site is optimized with the Yoast SEO plugin v24.4 - https:\/\/yoast.com\/wordpress\/plugins\/seo\/ -->\n<title>Pol\u00edticas, condiciones y restricciones | Prefabricasa<\/title>\n<meta name=\"description\" content=\"Pol\u00edticas, condiciones y restricciones en Prefabricasa. Casas prefabricadas en Colombia. Por su tranquilidad, le despachamos su casa, despu\u00e9s nos la paga\" \/>\n<meta name=\"robots\" content=\"index, follow, max-snippet:-1, max-image-preview:large, max-video-preview:-1\" \/>\n<link rel=\"canonical\" href=\"https:\/\/prefabricasa.com.co\/blog\/politicas-condiciones-y-restricciones\/\" \/>\n<meta property=\"og:locale\" content=\"es_ES\" \/>\n<meta property=\"og:type\" content=\"article\" \/>\n<meta property=\"og:title\" content=\"Pol\u00edticas, condiciones y restricciones | Prefabricasa\" \/>\n<meta property=\"og:description\" content=\"Pol\u00edticas, condiciones y restricciones en Prefabricasa. Casas prefabricadas en Colombia. Por su tranquilidad, le despachamos su casa, despu\u00e9s nos la paga\" \/>\n<meta property=\"og:url\" content=\"https:\/\/prefabricasa.com.co\/blog\/politicas-condiciones-y-restricciones\/\" \/>\n<meta property=\"og:site_name\" content=\"Dinamicasa - Casas prefabricadas Medell\u00edn - Casas prefabricadas Bogot\u00e1\" \/>\n<meta property=\"article:modified_time\" content=\"2016-07-08T15:36:47+00:00\" \/>\n<meta name=\"twitter:label1\" content=\"Tiempo de lectura\" \/>\n\t<meta name=\"twitter:data1\" content=\"1 minuto\" \/>\n<script type=\"application\/ld+json\" class=\"yoast-schema-graph\">{\"@context\":\"https:\/\/schema.org\",\"@graph\":[{\"@type\":\"WebPage\",\"@id\":\"https:\/\/prefabricasa.com.co\/blog\/politicas-condiciones-y-restricciones\/\",\"url\":\"https:\/\/prefabricasa.com.co\/blog\/politicas-condiciones-y-restricciones\/\",\"name\":\"Pol\u00edticas, condiciones y restricciones | Prefabricasa\",\"isPartOf\":{\"@id\":\"https:\/\/prefabricasa.com.co\/blog\/#website\"},\"datePublished\":\"2016-05-31T21:25:23+00:00\",\"dateModified\":\"2016-07-08T15:36:47+00:00\",\"description\":\"Pol\u00edticas, condiciones y restricciones en Prefabricasa. Casas prefabricadas en Colombia. Por su tranquilidad, le despachamos su casa, despu\u00e9s nos la paga\",\"inLanguage\":\"es\",\"potentialAction\":[{\"@type\":\"ReadAction\",\"target\":[\"https:\/\/prefabricasa.com.co\/blog\/politicas-condiciones-y-restricciones\/\"]}]},{\"@type\":\"WebSite\",\"@id\":\"https:\/\/prefabricasa.com.co\/blog\/#website\",\"url\":\"https:\/\/prefabricasa.com.co\/blog\/\",\"name\":\"Dinamicasa - Casas prefabricadas Medell\u00edn - Casas prefabricadas Bogot\u00e1\",\"description\":\"Dinamicasa | Casas Prefabricadas econ\u00f3micas, una empresa dedicada exclusivamente a innovar con la mejor calidad en sus materiales y los mejores precios en construcciones prefabricadas de alta calidad.\",\"publisher\":{\"@id\":\"https:\/\/prefabricasa.com.co\/blog\/#organization\"},\"potentialAction\":[{\"@type\":\"SearchAction\",\"target\":{\"@type\":\"EntryPoint\",\"urlTemplate\":\"https:\/\/prefabricasa.com.co\/blog\/?s={search_term_string}\"},\"query-input\":{\"@type\":\"PropertyValueSpecification\",\"valueRequired\":true,\"valueName\":\"search_term_string\"}}],\"inLanguage\":\"es\"},{\"@type\":\"Organization\",\"@id\":\"https:\/\/prefabricasa.com.co\/blog\/#organization\",\"name\":\"Dinamicasa - Casas prefabricadas Medell\u00edn - Casas prefabricadas Bogot\u00e1\",\"url\":\"https:\/\/prefabricasa.com.co\/blog\/\",\"logo\":{\"@type\":\"ImageObject\",\"inLanguage\":\"es\",\"@id\":\"https:\/\/prefabricasa.com.co\/blog\/#\/schema\/logo\/image\/\",\"url\":\"https:\/\/prefabricasa.com.co\/blog\/wp-content\/uploads\/2020\/12\/logo-21.png\",\"contentUrl\":\"https:\/\/prefabricasa.com.co\/blog\/wp-content\/uploads\/2020\/12\/logo-21.png\",\"width\":100,\"height\":100,\"caption\":\"Dinamicasa - Casas prefabricadas Medell\u00edn - Casas prefabricadas Bogot\u00e1 \"},\"image\":{\"@id\":\"https:\/\/prefabricasa.com.co\/blog\/#\/schema\/logo\/image\/\"}}]}<\/script>\n<!-- \/ Yoast SEO plugin. -->","yoast_head_json":{"title":"Pol\u00edticas, condiciones y restricciones | Prefabricasa","description":"Pol\u00edticas, condiciones y restricciones en Prefabricasa. Casas prefabricadas en Colombia. Por su tranquilidad, le despachamos su casa, despu\u00e9s nos la paga","robots":{"index":"index","follow":"follow","max-snippet":"max-snippet:-1","max-image-preview":"max-image-preview:large","max-video-preview":"max-video-preview:-1"},"canonical":"https:\/\/prefabricasa.com.co\/blog\/politicas-condiciones-y-restricciones\/","og_locale":"es_ES","og_type":"article","og_title":"Pol\u00edticas, condiciones y restricciones | Prefabricasa","og_description":"Pol\u00edticas, condiciones y restricciones en Prefabricasa. Casas prefabricadas en Colombia. Por su tranquilidad, le despachamos su casa, despu\u00e9s nos la paga","og_url":"https:\/\/prefabricasa.com.co\/blog\/politicas-condiciones-y-restricciones\/","og_site_name":"Dinamicasa - Casas prefabricadas Medell\u00edn - Casas prefabricadas Bogot\u00e1","article_modified_time":"2016-07-08T15:36:47+00:00","twitter_misc":{"Tiempo de lectura":"1 minuto"},"schema":{"@context":"https:\/\/schema.org","@graph":[{"@type":"WebPage","@id":"https:\/\/prefabricasa.com.co\/blog\/politicas-condiciones-y-restricciones\/","url":"https:\/\/prefabricasa.com.co\/blog\/politicas-condiciones-y-restricciones\/","name":"Pol\u00edticas, condiciones y restricciones | Prefabricasa","isPartOf":{"@id":"https:\/\/prefabricasa.com.co\/blog\/#website"},"datePublished":"2016-05-31T21:25:23+00:00","dateModified":"2016-07-08T15:36:47+00:00","description":"Pol\u00edticas, condiciones y restricciones en Prefabricasa. Casas prefabricadas en Colombia. Por su tranquilidad, le despachamos su casa, despu\u00e9s nos la paga","inLanguage":"es","potentialAction":[{"@type":"ReadAction","target":["https:\/\/prefabricasa.com.co\/blog\/politicas-condiciones-y-restricciones\/"]}]},{"@type":"WebSite","@id":"https:\/\/prefabricasa.com.co\/blog\/#website","url":"https:\/\/prefabricasa.com.co\/blog\/","name":"Dinamicasa - Casas prefabricadas Medell\u00edn - Casas prefabricadas Bogot\u00e1","description":"Dinamicasa | Casas Prefabricadas econ\u00f3micas, una empresa dedicada exclusivamente a innovar con la mejor calidad en sus materiales y los mejores precios en construcciones prefabricadas de alta calidad.","publisher":{"@id":"https:\/\/prefabricasa.com.co\/blog\/#organization"},"potentialAction":[{"@type":"SearchAction","target":{"@type":"EntryPoint","urlTemplate":"https:\/\/prefabricasa.com.co\/blog\/?s={search_term_string}"},"query-input":{"@type":"PropertyValueSpecification","valueRequired":true,"valueName":"search_term_string"}}],"inLanguage":"es"},{"@type":"Organization","@id":"https:\/\/prefabricasa.com.co\/blog\/#organization","name":"Dinamicasa - Casas prefabricadas Medell\u00edn - Casas prefabricadas Bogot\u00e1","url":"https:\/\/prefabricasa.com.co\/blog\/","logo":{"@type":"ImageObject","inLanguage":"es","@id":"https:\/\/prefabricasa.com.co\/blog\/#\/schema\/logo\/image\/","url":"https:\/\/prefabricasa.com.co\/blog\/wp-content\/uploads\/2020\/12\/logo-21.png","contentUrl":"https:\/\/prefabricasa.com.co\/blog\/wp-content\/uploads\/2020\/12\/logo-21.png","width":100,"height":100,"caption":"Dinamicasa - Casas prefabricadas Medell\u00edn - Casas prefabricadas Bogot\u00e1 "},"image":{"@id":"https:\/\/prefabricasa.com.co\/blog\/#\/schema\/logo\/image\/"}}]}},"_links":{"self":[{"href":"https:\/\/prefabricasa.com.co\/blog\/wp-json\/wp\/v2\/pages\/2308","targetHints":{"allow":["GET"]}}],"collection":[{"href":"https:\/\/prefabricasa.com.co\/blog\/wp-json\/wp\/v2\/pages"}],"about":[{"href":"https:\/\/prefabricasa.com.co\/blog\/wp-json\/wp\/v2\/types\/page"}],"author":[{"embeddable":true,"href":"https:\/\/prefabricasa.com.co\/blog\/wp-json\/wp\/v2\/users\/1"}],"replies":[{"embeddable":true,"href":"https:\/\/prefabricasa.com.co\/blog\/wp-json\/wp\/v2\/comments?post=2308"}],"version-history":[{"count":5,"href":"https:\/\/prefabricasa.com.co\/blog\/wp-json\/wp\/v2\/pages\/2308\/revisions"}],"predecessor-version":[{"id":2340,"href":"https:\/\/prefabricasa.com.co\/blog\/wp-json\/wp\/v2\/pages\/2308\/revisions\/2340"}],"wp:attachment":[{"href":"https:\/\/prefabricasa.com.co\/blog\/wp-json\/wp\/v2\/media?parent=2308"}],"curies":[{"name":"wp","href":"https:\/\/api.w.org\/{rel}","templated":true}]}}