{"id":888,"date":"2014-04-02T00:18:07","date_gmt":"2014-04-02T00:18:07","guid":{"rendered":"http:\/\/prefabricasa.com.co\/blog\/?page_id=888"},"modified":"2016-04-05T19:40:13","modified_gmt":"2016-04-05T19:40:13","slug":"videos","status":"publish","type":"page","link":"https:\/\/prefabricasa.com.co\/blog\/videos\/","title":{"rendered":"Videos"},"content":{"rendered":"<div class=\"col-xs-12 col-md-4\"><span class=\"youtube\"><iframe loading=\"lazy\" title=\"YouTube video player\" class=\"youtube-player\" type=\"text\/html\" width=\"300\" height=\"245\" src=\"\/\/www.youtube.com\/embed\/AGpL8uvYfaY?wmode=transparent&amp;fs=1&amp;hl=en&amp;modestbranding=1&amp;iv_load_policy=3&amp;showsearch=0&amp;rel=1&amp;theme=dark\" frameborder=\"0\" allowfullscreen><\/iframe><\/span><\/div>\n<div class=\"col-xs-12 col-md-4\"><span class=\"youtube\"><iframe loading=\"lazy\" title=\"YouTube video player\" class=\"youtube-player\" type=\"text\/html\" width=\"300\" height=\"245\" src=\"\/\/www.youtube.com\/embed\/uMdXv4xYCAI?wmode=transparent&amp;fs=1&amp;hl=en&amp;modestbranding=1&amp;iv_load_policy=3&amp;showsearch=0&amp;rel=1&amp;theme=dark&amp;feature=youtu.be}\" frameborder=\"0\" allowfullscreen><\/iframe><\/span><\/div>\n<div class=\"col-xs-12 col-md-4\"><span class=\"youtube\"><iframe loading=\"lazy\" title=\"YouTube video player\" class=\"youtube-player\" type=\"text\/html\" width=\"300\" height=\"245\" src=\"\/\/www.youtube.com\/embed\/o7JBM6vu9u0?wmode=transparent&amp;fs=1&amp;hl=en&amp;modestbranding=1&amp;iv_load_policy=3&amp;showsearch=0&amp;rel=1&amp;theme=dark}\" frameborder=\"0\" allowfullscreen><\/iframe><\/span><\/div>\n<div class=\"col-xs-12 col-md-4\"><span class=\"youtube\"><iframe loading=\"lazy\" title=\"YouTube video player\" class=\"youtube-player\" type=\"text\/html\" width=\"300\" height=\"245\" src=\"\/\/www.youtube.com\/embed\/Lt3WIHVrJac?wmode=transparent&amp;fs=1&amp;hl=en&amp;modestbranding=1&amp;iv_load_policy=3&amp;showsearch=0&amp;rel=1&amp;theme=dark}\" frameborder=\"0\" allowfullscreen><\/iframe><\/span><\/div>\n<div class=\"col-xs-12 col-md-4\"><span class=\"youtube\"><iframe loading=\"lazy\" title=\"YouTube video player\" class=\"youtube-player\" type=\"text\/html\" width=\"300\" height=\"245\" src=\"\/\/www.youtube.com\/embed\/Cii8GKa9PcM?wmode=transparent&amp;fs=1&amp;hl=en&amp;modestbranding=1&amp;iv_load_policy=3&amp;showsearch=0&amp;rel=1&amp;theme=dark&amp;feature=youtu.be}\" frameborder=\"0\" allowfullscreen><\/iframe><\/span><\/div>\n<div class=\"col-xs-12 col-md-4\"><span class=\"youtube\"><iframe loading=\"lazy\" title=\"YouTube video player\" class=\"youtube-player\" type=\"text\/html\" width=\"300\" height=\"245\" src=\"\/\/www.youtube.com\/embed\/koeRT15fgTo?wmode=transparent&amp;fs=1&amp;hl=en&amp;modestbranding=1&amp;iv_load_policy=3&amp;showsearch=0&amp;rel=1&amp;theme=dark}\" frameborder=\"0\" allowfullscreen><\/iframe><\/span><\/div>\n<div class=\"col-xs-12 col-md-4\"><span class=\"youtube\"><iframe loading=\"lazy\" title=\"YouTube video player\" class=\"youtube-player\" type=\"text\/html\" width=\"300\" height=\"245\" src=\"\/\/www.youtube.com\/embed\/ZHOrjfq6P64?wmode=transparent&amp;fs=1&amp;hl=en&amp;modestbranding=1&amp;iv_load_policy=3&amp;showsearch=0&amp;rel=1&amp;theme=dark}\" frameborder=\"0\" allowfullscreen><\/iframe><\/span><\/div>\n<div class=\"col-xs-12 col-md-4\"><object width=\"300\" height=\"245\" classid=\"clsid:d27cdb6e-ae6d-11cf-96b8-444553540000\" codebase=\"http:\/\/download.macromedia.com\/pub\/shockwave\/cabs\/flash\/swflash.cab#version=6,0,40,0\"><param name=\"src\" value=\"http:\/\/flv-player.net\/medias\/player_flv_maxi.swf\" \/><param name=\"flashvars\" value=\"flv=http:\/\/prefabricasa.com.co\/blog\/wp-content\/uploads\/2011\/04\/casas-prefabricadas-bogota.flv\" \/><param name=\"title\" value=\"Casas Prefabricadas en bogota\" \/><embed width=\"300\" height=\"245\" type=\"application\/x-shockwave-flash\" src=\"http:\/\/flv-player.net\/medias\/player_flv_maxi.swf\" flashvars=\"flv=http:\/\/prefabricasa.com.co\/blog\/wp-content\/uploads\/2011\/04\/casas-prefabricadas-bogota.flv\" title=\"Casas Prefabricadas en bogota\" \/><\/object><\/div>\n","protected":false},"excerpt":{"rendered":"","protected":false},"author":190,"featured_media":0,"parent":0,"menu_order":0,"comment_status":"open","ping_status":"open","template":"","meta":{"footnotes":""},"class_list":["post-888","page","type-page","status-publish","hentry"],"yoast_head":"<!-- This site is optimized with the Yoast SEO plugin v24.4 - https:\/\/yoast.com\/wordpress\/plugins\/seo\/ -->\n<title>Videos - Dinamicasa - Casas prefabricadas Medell\u00edn - Casas prefabricadas Bogot\u00e1<\/title>\n<meta name=\"robots\" content=\"index, follow, max-snippet:-1, max-image-preview:large, max-video-preview:-1\" \/>\n<link rel=\"canonical\" href=\"https:\/\/prefabricasa.com.co\/blog\/videos\/\" \/>\n<meta property=\"og:locale\" content=\"es_ES\" \/>\n<meta property=\"og:type\" content=\"article\" \/>\n<meta property=\"og:title\" content=\"Videos - Dinamicasa - Casas prefabricadas Medell\u00edn - Casas prefabricadas Bogot\u00e1\" \/>\n<meta property=\"og:url\" content=\"https:\/\/prefabricasa.com.co\/blog\/videos\/\" \/>\n<meta property=\"og:site_name\" content=\"Dinamicasa - Casas prefabricadas Medell\u00edn - Casas prefabricadas Bogot\u00e1\" \/>\n<meta property=\"article:modified_time\" content=\"2016-04-05T19:40:13+00:00\" \/>\n<script type=\"application\/ld+json\" class=\"yoast-schema-graph\">{\"@context\":\"https:\/\/schema.org\",\"@graph\":[{\"@type\":\"WebPage\",\"@id\":\"https:\/\/prefabricasa.com.co\/blog\/videos\/\",\"url\":\"https:\/\/prefabricasa.com.co\/blog\/videos\/\",\"name\":\"Videos - Dinamicasa - Casas prefabricadas Medell\u00edn - Casas prefabricadas Bogot\u00e1\",\"isPartOf\":{\"@id\":\"https:\/\/prefabricasa.com.co\/blog\/#website\"},\"datePublished\":\"2014-04-02T00:18:07+00:00\",\"dateModified\":\"2016-04-05T19:40:13+00:00\",\"inLanguage\":\"es\",\"potentialAction\":[{\"@type\":\"ReadAction\",\"target\":[\"https:\/\/prefabricasa.com.co\/blog\/videos\/\"]}]},{\"@type\":\"WebSite\",\"@id\":\"https:\/\/prefabricasa.com.co\/blog\/#website\",\"url\":\"https:\/\/prefabricasa.com.co\/blog\/\",\"name\":\"Dinamicasa - Casas prefabricadas Medell\u00edn - Casas prefabricadas Bogot\u00e1\",\"description\":\"Dinamicasa | Casas Prefabricadas econ\u00f3micas, una empresa dedicada exclusivamente a innovar con la mejor calidad en sus materiales y los mejores precios en construcciones prefabricadas de alta calidad.\",\"publisher\":{\"@id\":\"https:\/\/prefabricasa.com.co\/blog\/#organization\"},\"potentialAction\":[{\"@type\":\"SearchAction\",\"target\":{\"@type\":\"EntryPoint\",\"urlTemplate\":\"https:\/\/prefabricasa.com.co\/blog\/?s={search_term_string}\"},\"query-input\":{\"@type\":\"PropertyValueSpecification\",\"valueRequired\":true,\"valueName\":\"search_term_string\"}}],\"inLanguage\":\"es\"},{\"@type\":\"Organization\",\"@id\":\"https:\/\/prefabricasa.com.co\/blog\/#organization\",\"name\":\"Dinamicasa - Casas prefabricadas Medell\u00edn - Casas prefabricadas Bogot\u00e1\",\"url\":\"https:\/\/prefabricasa.com.co\/blog\/\",\"logo\":{\"@type\":\"ImageObject\",\"inLanguage\":\"es\",\"@id\":\"https:\/\/prefabricasa.com.co\/blog\/#\/schema\/logo\/image\/\",\"url\":\"https:\/\/prefabricasa.com.co\/blog\/wp-content\/uploads\/2020\/12\/logo-21.png\",\"contentUrl\":\"https:\/\/prefabricasa.com.co\/blog\/wp-content\/uploads\/2020\/12\/logo-21.png\",\"width\":100,\"height\":100,\"caption\":\"Dinamicasa - Casas prefabricadas Medell\u00edn - Casas prefabricadas Bogot\u00e1 \"},\"image\":{\"@id\":\"https:\/\/prefabricasa.com.co\/blog\/#\/schema\/logo\/image\/\"}}]}<\/script>\n<!-- \/ Yoast SEO plugin. -->","yoast_head_json":{"title":"Videos - Dinamicasa - Casas prefabricadas Medell\u00edn - Casas prefabricadas Bogot\u00e1","robots":{"index":"index","follow":"follow","max-snippet":"max-snippet:-1","max-image-preview":"max-image-preview:large","max-video-preview":"max-video-preview:-1"},"canonical":"https:\/\/prefabricasa.com.co\/blog\/videos\/","og_locale":"es_ES","og_type":"article","og_title":"Videos - Dinamicasa - Casas prefabricadas Medell\u00edn - Casas prefabricadas Bogot\u00e1","og_url":"https:\/\/prefabricasa.com.co\/blog\/videos\/","og_site_name":"Dinamicasa - Casas prefabricadas Medell\u00edn - Casas prefabricadas Bogot\u00e1","article_modified_time":"2016-04-05T19:40:13+00:00","schema":{"@context":"https:\/\/schema.org","@graph":[{"@type":"WebPage","@id":"https:\/\/prefabricasa.com.co\/blog\/videos\/","url":"https:\/\/prefabricasa.com.co\/blog\/videos\/","name":"Videos - Dinamicasa - Casas prefabricadas Medell\u00edn - Casas prefabricadas Bogot\u00e1","isPartOf":{"@id":"https:\/\/prefabricasa.com.co\/blog\/#website"},"datePublished":"2014-04-02T00:18:07+00:00","dateModified":"2016-04-05T19:40:13+00:00","inLanguage":"es","potentialAction":[{"@type":"ReadAction","target":["https:\/\/prefabricasa.com.co\/blog\/videos\/"]}]},{"@type":"WebSite","@id":"https:\/\/prefabricasa.com.co\/blog\/#website","url":"https:\/\/prefabricasa.com.co\/blog\/","name":"Dinamicasa - Casas prefabricadas Medell\u00edn - Casas prefabricadas Bogot\u00e1","description":"Dinamicasa | Casas Prefabricadas econ\u00f3micas, una empresa dedicada exclusivamente a innovar con la mejor calidad en sus materiales y los mejores precios en construcciones prefabricadas de alta calidad.","publisher":{"@id":"https:\/\/prefabricasa.com.co\/blog\/#organization"},"potentialAction":[{"@type":"SearchAction","target":{"@type":"EntryPoint","urlTemplate":"https:\/\/prefabricasa.com.co\/blog\/?s={search_term_string}"},"query-input":{"@type":"PropertyValueSpecification","valueRequired":true,"valueName":"search_term_string"}}],"inLanguage":"es"},{"@type":"Organization","@id":"https:\/\/prefabricasa.com.co\/blog\/#organization","name":"Dinamicasa - Casas prefabricadas Medell\u00edn - Casas prefabricadas Bogot\u00e1","url":"https:\/\/prefabricasa.com.co\/blog\/","logo":{"@type":"ImageObject","inLanguage":"es","@id":"https:\/\/prefabricasa.com.co\/blog\/#\/schema\/logo\/image\/","url":"https:\/\/prefabricasa.com.co\/blog\/wp-content\/uploads\/2020\/12\/logo-21.png","contentUrl":"https:\/\/prefabricasa.com.co\/blog\/wp-content\/uploads\/2020\/12\/logo-21.png","width":100,"height":100,"caption":"Dinamicasa - Casas prefabricadas Medell\u00edn - Casas prefabricadas Bogot\u00e1 "},"image":{"@id":"https:\/\/prefabricasa.com.co\/blog\/#\/schema\/logo\/image\/"}}]}},"_links":{"self":[{"href":"https:\/\/prefabricasa.com.co\/blog\/wp-json\/wp\/v2\/pages\/888","targetHints":{"allow":["GET"]}}],"collection":[{"href":"https:\/\/prefabricasa.com.co\/blog\/wp-json\/wp\/v2\/pages"}],"about":[{"href":"https:\/\/prefabricasa.com.co\/blog\/wp-json\/wp\/v2\/types\/page"}],"author":[{"embeddable":true,"href":"https:\/\/prefabricasa.com.co\/blog\/wp-json\/wp\/v2\/users\/190"}],"replies":[{"embeddable":true,"href":"https:\/\/prefabricasa.com.co\/blog\/wp-json\/wp\/v2\/comments?post=888"}],"version-history":[{"count":20,"href":"https:\/\/prefabricasa.com.co\/blog\/wp-json\/wp\/v2\/pages\/888\/revisions"}],"predecessor-version":[{"id":2264,"href":"https:\/\/prefabricasa.com.co\/blog\/wp-json\/wp\/v2\/pages\/888\/revisions\/2264"}],"wp:attachment":[{"href":"https:\/\/prefabricasa.com.co\/blog\/wp-json\/wp\/v2\/media?parent=888"}],"curies":[{"name":"wp","href":"https:\/\/api.w.org\/{rel}","templated":true}]}}